{"id":4015,"date":"2025-02-24T10:11:55","date_gmt":"2025-02-24T10:11:55","guid":{"rendered":"https:\/\/www.photo-logistics.com\/regles-et-engagement\/"},"modified":"2025-04-03T18:58:05","modified_gmt":"2025-04-03T17:58:05","slug":"regles-et-engagement","status":"publish","type":"page","link":"https:\/\/www.photo-logistics.com\/fr\/regles-et-engagement\/","title":{"rendered":"R\u00e8gles et engagement"},"content":{"rendered":"<h1 data-start=\"67\" data-end=\"96\"><strong data-start=\"67\" data-end=\"96\">R\u00c8GLES POUR L&rsquo;UTILISATION DE NOS AFF\u00dbTS<\/strong><\/h1>\n<p class=\"\" data-start=\"98\" data-end=\"212\">PHOTO LOGISTICS S.L. est responsable de l&rsquo;obtention de tous les permis n\u00e9cessaires pour vous permettre de prendre des photos depuis nos aff\u00fbts.<\/p>\n<ul>\n<li>Il est interdit de quitter l&rsquo;aff\u00fbt, sauf en cas d&rsquo;urgence, ce qui n&rsquo;inclut pas les besoins naturels pour lesquels un r\u00e9cipient est recommand\u00e9!<\/li>\n<li>Un guide viendra \u00e0 l&rsquo;aff\u00fbt \u00e0 l&rsquo;heure convenue. Ne sortez pas tant que notre guide n&rsquo;a pas frapp\u00e9 \u00e0 la porte.<\/li>\n<li>Restez silencieux, pas de appels t\u00e9l\u00e9phoniques.<\/li>\n<li>\u00c9vitez de boire de l&rsquo;alcool ou de fumer pendant que vous \u00eates dans l&rsquo;aff\u00fbt.<\/li>\n<li>L&rsquo;utilisation d&rsquo;un tr\u00e9pied est recommand\u00e9e.<\/li>\n<li>Ne utilisez pas les chants d&rsquo;oiseaux pour les attirer.<\/li>\n<li>Des v\u00eatements sombres et des gants sont recommand\u00e9s pour vous assurer que les oiseaux ne puissent pas voir \u00e0 l&rsquo;int\u00e9rieur.<\/li>\n<li>Pour la m\u00eame raison, ne nettoyez pas le verre pendant que les oiseaux sont \u00e0 proximit\u00e9, car les mouvements pr\u00e8s de celui-ci peuvent \u00eatre visibles.<\/li>\n<\/ul>\n<p class=\"\" data-start=\"804\" data-end=\"897\">Le non-respect de l&rsquo;une de ces r\u00e8gles vous emp\u00eachera automatiquement d&rsquo;utiliser \u00e0 nouveau nos aff\u00fbts.<\/p>\n<hr class=\"\" data-start=\"899\" data-end=\"902\">\n<p class=\"\" data-start=\"904\" data-end=\"935\"><strong data-start=\"904\" data-end=\"935\">L&rsquo;ENGAGEMENT DE PHOTO LOGISTICS<\/strong><\/p>\n<p class=\"\" data-start=\"937\" data-end=\"1306\">Nous nous engageons envers vous et votre session de photographie de faune. Nous nous engageons envers le monde de l&rsquo;agriculture et croyons fermement en la conservation par le d\u00e9veloppement rural. Nous nous engageons envers les jeunes photographes et ceux qui, quel que soit leur \u00e2ge ou leur \u00e9quipement, souhaitent commencer la photographie de faune.   Nous nous impliquons dans la soci\u00e9t\u00e9 en g\u00e9n\u00e9ral, en tant qu&rsquo;entreprise et en tant que citoyens.<\/p>\n<p class=\"\" data-start=\"1308\" data-end=\"1358\">Notre engagement se refl\u00e8te dans ces points:<\/p>\n<ol data-start=\"1360\" data-end=\"3650\">\n<li class=\"\" data-start=\"1360\" data-end=\"1801\">\n<p class=\"\" data-start=\"1363\" data-end=\"1801\"><strong data-start=\"1363\" data-end=\"1399\">1. PROCHAINE SESSION GRATUITE EN CAS D&rsquo;\u00c9CHEC.<\/strong> Nous travaillons avec la faune, et les animaux sauvages sont impr\u00e9visibles, mais personne n&rsquo;aime payer pour une session qui n&rsquo;a pas permis de faire des photos. Si l&rsquo;animal requis ne vient pas, vous pouvez r\u00e9p\u00e9ter la session gratuitement dans l&rsquo;ann\u00e9e en cours. Vous pouvez r\u00e9p\u00e9ter le m\u00eame aff\u00fbt ou choisir un service diff\u00e9rent dans la m\u00eame zone.   <strong>Attention ! Ce point ne s&rsquo;applique pas aux forfaits combinant diff\u00e9rents aff\u00fbts sur une ou plusieurs journ\u00e9es. <\/strong><\/p>\n<\/li>\n<li class=\"\" data-start=\"1803\" data-end=\"2279\">\n<p class=\"\" data-start=\"1806\" data-end=\"2279\"><strong data-start=\"1806\" data-end=\"1823\">2. SYST\u00c8ME D&rsquo;ALERTE.<\/strong> Nous vous informerons des meilleurs moments pour chaque esp\u00e8ce, des comportements int\u00e9ressants, etc. Souhaitez-vous photographier l&rsquo;Aigle royal lorsqu&rsquo;il arrive avec ses jeunes ? La Chouette hulotte lorsque ses poussins sortent du nid ? Le Rollier pendant la meilleure p\u00e9riode des copulations ? Ou prendre des photos dans la neige ? Nous vous informerons des meilleurs jours d\u00e8s que possible via WhatsApp. Nous proposons \u00e9galement des opportunit\u00e9s de voyages photo et des r\u00e9ductions sp\u00e9ciales sur les aff\u00fbts ou leurs combinaisons.      <\/p>\n<\/li>\n<li class=\"\" data-start=\"2281\" data-end=\"2474\">\n<p class=\"\" data-start=\"2284\" data-end=\"2474\"><strong data-start=\"2284\" data-end=\"2367\">3. PRIX SP\u00c9CIAUX POUR LES S\u00c9JOURS DE PLUSIEURS JOURS ET LES GROUPES DE DEUX PERSONNES OU PLUS.<\/strong> Connaissez-vous nos aff\u00fbts combin\u00e9s ? Vous pouvez b\u00e9n\u00e9ficier de r\u00e9ductions \u00e0 partir de seulement deux personnes. <\/p>\n<\/li>\n<li class=\"\" data-start=\"2476\" data-end=\"2707\">\n<p class=\"\" data-start=\"2479\" data-end=\"2707\"><strong data-start=\"2479\" data-end=\"2543\">4. REVENUS \u00c9CONOMIQUES DE PR\u00c8S DE 10 % POUR LE PROPRI\u00c9TAIRE OU LE GESTIONNAIRE DE TERRES.<\/strong> Cet engagement vise \u00e0 valoriser la faune pour les propri\u00e9taires ou gestionnaires de terres. Notre exp\u00e9rience au fil des ann\u00e9es a \u00e9t\u00e9 tr\u00e8s positive et nous nous engageons fermement dans ce mod\u00e8le. <\/p>\n<\/li>\n<li class=\"\" data-start=\"2951\" data-end=\"3139\">\n<p class=\"\" data-start=\"2954\" data-end=\"3139\">5. <strong data-start=\"2954\" data-end=\"3139\">PHOTO LOGISTICS est une soci\u00e9t\u00e9 limit\u00e9e<\/strong> qui respecte toutes les obligations fiscales, de sorte que ce que vous payez pour des services revient \u00e0 vous sous forme d&rsquo;imp\u00f4ts. Nous avons \u00e9galement une assurance au cas o\u00f9 quelque chose se passerait mal. <\/p>\n<\/li>\n<li class=\"\" data-start=\"3141\" data-end=\"3331\">\n<p class=\"\" data-start=\"3144\" data-end=\"3331\">6. <strong data-start=\"3144\" data-end=\"3201\">AUCUN AFF\u00dbT N&rsquo;EST INSTALL\u00c9 SANS TOUS LES PERMIS REQUIS<\/strong>, du propri\u00e9taire et de l&rsquo;autorit\u00e9 publique en charge. Vous pouvez \u00eatre s\u00fbr qu&rsquo;en utilisant nos aff\u00fbts, vous ne violez aucune r\u00e8gle. <\/p>\n<\/li>\n<li class=\"\" data-start=\"3333\" data-end=\"3650\">\n<p class=\"\" data-start=\"3336\" data-end=\"3650\"><strong data-start=\"3336\" data-end=\"3368\">7. TOUJOURS OUVERT \u00c0 VOS RETOURS. AVEZ-VOUS DES SUGGESTIONS? <\/strong> Nous sommes toujours ouverts \u00e0 vos id\u00e9es. Vous pouvez nous contacter de la mani\u00e8re que vous pr\u00e9f\u00e9rez :<a class=\"cursor-pointer\" rel=\"noopener\" data-start=\"3443\" data-end=\"3467\"> info@photo-logistics.com<\/a>, t\u00e9l\u00e9phone, WhatsApp +34 638887681, Facebook :<a class=\"\" href=\"https:\/\/www.facebook.com\/photologistics\" target=\"_new\" rel=\"noopener\" data-start=\"3537\" data-end=\"3619\"> https:\/\/www.facebook.com\/photologistics<\/a>, ou Instagram : @photo_logistics_. <strong data-start=\"21\" data-end=\"62\">Mais honn\u00eatement, nous pr\u00e9f\u00e9rerions utiliser l&#8217;email.<\/strong><\/p>\n<\/li>\n<\/ol>\n","protected":false},"excerpt":{"rendered":"<p>R\u00c8GLES POUR L&rsquo;UTILISATION DE NOS AFF\u00dbTS PHOTO LOGISTICS S.L. est responsable de l&rsquo;obtention de tous les permis n\u00e9cessaires pour vous permettre de prendre des photos depuis nos aff\u00fbts. Il est interdit de quitter l&rsquo;aff\u00fbt, sauf en cas d&rsquo;urgence, ce qui n&rsquo;inclut pas les besoins naturels pour lesquels un r\u00e9cipient est recommand\u00e9! Un guide viendra \u00e0 [&hellip;]<\/p>\n","protected":false},"author":1,"featured_media":0,"parent":0,"menu_order":10,"comment_status":"closed","ping_status":"closed","template":"page-legal.php","meta":{"_acf_changed":false,"footnotes":""},"class_list":["post-4015","page","type-page","status-publish","hentry"],"acf":[],"yoast_head":"<!-- This site is optimized with the Yoast SEO plugin v25.2 - https:\/\/yoast.com\/wordpress\/plugins\/seo\/ -->\n<title>R\u00e8gles et engagement - Photo Logistics<\/title>\n<meta name=\"robots\" content=\"index, follow, max-snippet:-1, max-image-preview:large, max-video-preview:-1\" \/>\n<link rel=\"canonical\" href=\"https:\/\/www.photo-logistics.com\/fr\/regles-et-engagement\/\" \/>\n<meta property=\"og:locale\" content=\"fr_FR\" \/>\n<meta property=\"og:type\" content=\"article\" \/>\n<meta property=\"og:title\" content=\"R\u00e8gles et engagement - Photo Logistics\" \/>\n<meta property=\"og:description\" content=\"R\u00c8GLES POUR L&rsquo;UTILISATION DE NOS AFF\u00dbTS PHOTO LOGISTICS S.L. est responsable de l&rsquo;obtention de tous les permis n\u00e9cessaires pour vous permettre de prendre des photos depuis nos aff\u00fbts. Il est interdit de quitter l&rsquo;aff\u00fbt, sauf en cas d&rsquo;urgence, ce qui n&rsquo;inclut pas les besoins naturels pour lesquels un r\u00e9cipient est recommand\u00e9! Un guide viendra \u00e0 [&hellip;]\" \/>\n<meta property=\"og:url\" content=\"https:\/\/www.photo-logistics.com\/fr\/regles-et-engagement\/\" \/>\n<meta property=\"og:site_name\" content=\"Photo Logistics\" \/>\n<meta property=\"article:publisher\" content=\"https:\/\/www.facebook.com\/photologistics\/\" \/>\n<meta property=\"article:modified_time\" content=\"2025-04-03T17:58:05+00:00\" \/>\n<meta property=\"og:image\" content=\"https:\/\/www.photo-logistics.com\/wp-content\/uploads\/2025\/04\/og.jpg\" \/>\n\t<meta property=\"og:image:width\" content=\"1200\" \/>\n\t<meta property=\"og:image:height\" content=\"675\" \/>\n\t<meta property=\"og:image:type\" content=\"image\/jpeg\" \/>\n<meta name=\"twitter:card\" content=\"summary_large_image\" \/>\n<meta name=\"twitter:site\" content=\"@Photo_Logistics\" \/>\n<meta name=\"twitter:label1\" content=\"Dur\u00e9e de lecture estim\u00e9e\" \/>\n\t<meta name=\"twitter:data1\" content=\"3 minutes\" \/>\n<script type=\"application\/ld+json\" class=\"yoast-schema-graph\">{\"@context\":\"https:\/\/schema.org\",\"@graph\":[{\"@type\":\"WebPage\",\"@id\":\"https:\/\/www.photo-logistics.com\/fr\/regles-et-engagement\/\",\"url\":\"https:\/\/www.photo-logistics.com\/fr\/regles-et-engagement\/\",\"name\":\"R\u00e8gles et engagement - Photo Logistics\",\"isPartOf\":{\"@id\":\"https:\/\/www.photo-logistics.com\/fr\/#website\"},\"datePublished\":\"2025-02-24T10:11:55+00:00\",\"dateModified\":\"2025-04-03T17:58:05+00:00\",\"breadcrumb\":{\"@id\":\"https:\/\/www.photo-logistics.com\/fr\/regles-et-engagement\/#breadcrumb\"},\"inLanguage\":\"fr-FR\",\"potentialAction\":[{\"@type\":\"ReadAction\",\"target\":[\"https:\/\/www.photo-logistics.com\/fr\/regles-et-engagement\/\"]}]},{\"@type\":\"BreadcrumbList\",\"@id\":\"https:\/\/www.photo-logistics.com\/fr\/regles-et-engagement\/#breadcrumb\",\"itemListElement\":[{\"@type\":\"ListItem\",\"position\":1,\"name\":\"Home\",\"item\":\"https:\/\/www.photo-logistics.com\/fr\/\"},{\"@type\":\"ListItem\",\"position\":2,\"name\":\"R\u00e8gles et engagement\"}]},{\"@type\":\"WebSite\",\"@id\":\"https:\/\/www.photo-logistics.com\/fr\/#website\",\"url\":\"https:\/\/www.photo-logistics.com\/fr\/\",\"name\":\"Photo Logistics\",\"description\":\"\",\"publisher\":{\"@id\":\"https:\/\/www.photo-logistics.com\/fr\/#organization\"},\"potentialAction\":[{\"@type\":\"SearchAction\",\"target\":{\"@type\":\"EntryPoint\",\"urlTemplate\":\"https:\/\/www.photo-logistics.com\/fr\/?s={search_term_string}\"},\"query-input\":{\"@type\":\"PropertyValueSpecification\",\"valueRequired\":true,\"valueName\":\"search_term_string\"}}],\"inLanguage\":\"fr-FR\"},{\"@type\":\"Organization\",\"@id\":\"https:\/\/www.photo-logistics.com\/fr\/#organization\",\"name\":\"Photo Logistics\",\"alternateName\":\"Photo Logistics\",\"url\":\"https:\/\/www.photo-logistics.com\/fr\/\",\"logo\":{\"@type\":\"ImageObject\",\"inLanguage\":\"fr-FR\",\"@id\":\"https:\/\/www.photo-logistics.com\/fr\/#\/schema\/logo\/image\/\",\"url\":\"https:\/\/www.photo-logistics.com\/wp-content\/uploads\/2025\/04\/site-logo.png\",\"contentUrl\":\"https:\/\/www.photo-logistics.com\/wp-content\/uploads\/2025\/04\/site-logo.png\",\"width\":500,\"height\":89,\"caption\":\"Photo Logistics\"},\"image\":{\"@id\":\"https:\/\/www.photo-logistics.com\/fr\/#\/schema\/logo\/image\/\"},\"sameAs\":[\"https:\/\/www.facebook.com\/photologistics\/\",\"https:\/\/x.com\/Photo_Logistics\",\"https:\/\/instagram.com\/photo_logistics_\"]}]}<\/script>\n<!-- \/ Yoast SEO plugin. -->","yoast_head_json":{"title":"R\u00e8gles et engagement - Photo Logistics","robots":{"index":"index","follow":"follow","max-snippet":"max-snippet:-1","max-image-preview":"max-image-preview:large","max-video-preview":"max-video-preview:-1"},"canonical":"https:\/\/www.photo-logistics.com\/fr\/regles-et-engagement\/","og_locale":"fr_FR","og_type":"article","og_title":"R\u00e8gles et engagement - Photo Logistics","og_description":"R\u00c8GLES POUR L&rsquo;UTILISATION DE NOS AFF\u00dbTS PHOTO LOGISTICS S.L. est responsable de l&rsquo;obtention de tous les permis n\u00e9cessaires pour vous permettre de prendre des photos depuis nos aff\u00fbts. Il est interdit de quitter l&rsquo;aff\u00fbt, sauf en cas d&rsquo;urgence, ce qui n&rsquo;inclut pas les besoins naturels pour lesquels un r\u00e9cipient est recommand\u00e9! Un guide viendra \u00e0 [&hellip;]","og_url":"https:\/\/www.photo-logistics.com\/fr\/regles-et-engagement\/","og_site_name":"Photo Logistics","article_publisher":"https:\/\/www.facebook.com\/photologistics\/","article_modified_time":"2025-04-03T17:58:05+00:00","og_image":[{"width":1200,"height":675,"url":"https:\/\/www.photo-logistics.com\/wp-content\/uploads\/2025\/04\/og.jpg","type":"image\/jpeg"}],"twitter_card":"summary_large_image","twitter_site":"@Photo_Logistics","twitter_misc":{"Dur\u00e9e de lecture estim\u00e9e":"3 minutes"},"schema":{"@context":"https:\/\/schema.org","@graph":[{"@type":"WebPage","@id":"https:\/\/www.photo-logistics.com\/fr\/regles-et-engagement\/","url":"https:\/\/www.photo-logistics.com\/fr\/regles-et-engagement\/","name":"R\u00e8gles et engagement - Photo Logistics","isPartOf":{"@id":"https:\/\/www.photo-logistics.com\/fr\/#website"},"datePublished":"2025-02-24T10:11:55+00:00","dateModified":"2025-04-03T17:58:05+00:00","breadcrumb":{"@id":"https:\/\/www.photo-logistics.com\/fr\/regles-et-engagement\/#breadcrumb"},"inLanguage":"fr-FR","potentialAction":[{"@type":"ReadAction","target":["https:\/\/www.photo-logistics.com\/fr\/regles-et-engagement\/"]}]},{"@type":"BreadcrumbList","@id":"https:\/\/www.photo-logistics.com\/fr\/regles-et-engagement\/#breadcrumb","itemListElement":[{"@type":"ListItem","position":1,"name":"Home","item":"https:\/\/www.photo-logistics.com\/fr\/"},{"@type":"ListItem","position":2,"name":"R\u00e8gles et engagement"}]},{"@type":"WebSite","@id":"https:\/\/www.photo-logistics.com\/fr\/#website","url":"https:\/\/www.photo-logistics.com\/fr\/","name":"Photo Logistics","description":"","publisher":{"@id":"https:\/\/www.photo-logistics.com\/fr\/#organization"},"potentialAction":[{"@type":"SearchAction","target":{"@type":"EntryPoint","urlTemplate":"https:\/\/www.photo-logistics.com\/fr\/?s={search_term_string}"},"query-input":{"@type":"PropertyValueSpecification","valueRequired":true,"valueName":"search_term_string"}}],"inLanguage":"fr-FR"},{"@type":"Organization","@id":"https:\/\/www.photo-logistics.com\/fr\/#organization","name":"Photo Logistics","alternateName":"Photo Logistics","url":"https:\/\/www.photo-logistics.com\/fr\/","logo":{"@type":"ImageObject","inLanguage":"fr-FR","@id":"https:\/\/www.photo-logistics.com\/fr\/#\/schema\/logo\/image\/","url":"https:\/\/www.photo-logistics.com\/wp-content\/uploads\/2025\/04\/site-logo.png","contentUrl":"https:\/\/www.photo-logistics.com\/wp-content\/uploads\/2025\/04\/site-logo.png","width":500,"height":89,"caption":"Photo Logistics"},"image":{"@id":"https:\/\/www.photo-logistics.com\/fr\/#\/schema\/logo\/image\/"},"sameAs":["https:\/\/www.facebook.com\/photologistics\/","https:\/\/x.com\/Photo_Logistics","https:\/\/instagram.com\/photo_logistics_"]}]}},"_links":{"self":[{"href":"https:\/\/www.photo-logistics.com\/fr\/wp-json\/wp\/v2\/pages\/4015","targetHints":{"allow":["GET"]}}],"collection":[{"href":"https:\/\/www.photo-logistics.com\/fr\/wp-json\/wp\/v2\/pages"}],"about":[{"href":"https:\/\/www.photo-logistics.com\/fr\/wp-json\/wp\/v2\/types\/page"}],"author":[{"embeddable":true,"href":"https:\/\/www.photo-logistics.com\/fr\/wp-json\/wp\/v2\/users\/1"}],"replies":[{"embeddable":true,"href":"https:\/\/www.photo-logistics.com\/fr\/wp-json\/wp\/v2\/comments?post=4015"}],"version-history":[{"count":1,"href":"https:\/\/www.photo-logistics.com\/fr\/wp-json\/wp\/v2\/pages\/4015\/revisions"}],"predecessor-version":[{"id":4265,"href":"https:\/\/www.photo-logistics.com\/fr\/wp-json\/wp\/v2\/pages\/4015\/revisions\/4265"}],"wp:attachment":[{"href":"https:\/\/www.photo-logistics.com\/fr\/wp-json\/wp\/v2\/media?parent=4015"}],"curies":[{"name":"wp","href":"https:\/\/api.w.org\/{rel}","templated":true}]}}