{"id":4014,"date":"2025-02-24T10:11:55","date_gmt":"2025-02-24T10:11:55","guid":{"rendered":"https:\/\/www.photo-logistics.com\/normas-y-compromiso\/"},"modified":"2025-04-03T20:20:42","modified_gmt":"2025-04-03T19:20:42","slug":"normas-y-compromisos","status":"publish","type":"page","link":"https:\/\/www.photo-logistics.com\/es\/normas-y-compromisos\/","title":{"rendered":"Normas y compromisos"},"content":{"rendered":"<h1 data-start=\"67\" data-end=\"96\"><strong data-start=\"67\" data-end=\"96\">NORMAS PARA USAR NUESTROS HIDES<\/strong><\/h1>\n<p class=\"\" data-start=\"98\" data-end=\"212\">PHOTO LOGISTICS S.L. es responsable de obtener todos los permisos necesarios para que puedas tomar fotos desde nuestros hides.<\/p>\n<ul>\n<li>Est\u00e1 prohibido salir del hide, excepto en emergencias, lo que no incluye las necesidades naturales, para las cuales se recomienda un recipiente.<\/li>\n<li>Un gu\u00eda llegar\u00e1 al hide en el horario acordado. No salgas hasta que nuestro gu\u00eda llame a la puerta. <\/li>\n<li>Guarda silencio, no se permiten llamadas telef\u00f3nicas.<\/li>\n<li>Evita beber alcohol o fumar mientras est\u00e9s en el hide.<\/li>\n<li>Se recomienda el uso de tr\u00edpode.<\/li>\n<li>No utilices reclamos de aves para atraerlas.<\/li>\n<li>Se recomienda ropa oscura y guantes para asegurarte de que las aves no puedan ver movimiento dentro del hide.<\/li>\n<li>Por la misma raz\u00f3n, no limpies el cristal mientras las aves est\u00e9n cerca, ya que los movimientos cerca de \u00e9l pueden ser visibles.<\/li>\n<\/ul>\n<p class=\"\" data-start=\"804\" data-end=\"897\">El incumplimiento de cualquiera de estas reglas te impedir\u00e1 autom\u00e1ticamente utilizar cualquiera de nuestros hides nuevamente.<\/p>\n<hr class=\"\" data-start=\"899\" data-end=\"902\">\n<p class=\"\" data-start=\"904\" data-end=\"935\"><strong data-start=\"904\" data-end=\"935\">EL COMPROMISO DE PHOTO LOGISTICS<\/strong><\/p>\n<p class=\"\" data-start=\"937\" data-end=\"1306\">Nos comprometemos contigo y con tu sesi\u00f3n de fotograf\u00eda de fauna. Nos comprometemos con el mundo de la agricultura, y creemos firmemente en la conservaci\u00f3n a trav\u00e9s del desarrollo rural. Nos comprometemos con los fot\u00f3grafos j\u00f3venes y con aquellos que, sin importar su edad o equipo, desean comenzar en la fotograf\u00eda de fauna.   Nos comprometemos con la sociedad en general, como empresa y como ciudadanos.<\/p>\n<p class=\"\" data-start=\"1308\" data-end=\"1358\">Nuestro compromiso se refleja en estos puntos:<\/p>\n<ol data-start=\"1360\" data-end=\"3650\">\n<li class=\"\" data-start=\"1360\" data-end=\"1801\">\n<p class=\"\" data-start=\"1363\" data-end=\"1801\"><strong data-start=\"1363\" data-end=\"1399\">1. EN CASO DE FRACASO DE LA SESI\u00d3N SE COMPENSAR\u00c1 CON UNA SESI\u00d3N GRATUITA.<\/strong> Trabajamos con fauna, y los animales salvajes son impredecibles, pero a nadie le gusta pagar por una sesi\u00f3n que no ha dado resultados. Si el animal requerido no llega, puedes repetir la sesi\u00f3n sin costo dentro del mismo a\u00f1o. La sesi\u00f3n gratuita se limita a una, si la sesi\u00f3n de compensaci\u00f3n falla no se vuelve a compensar.   <strong>Atenci\u00f3n! Este punto no se aplica a los paquetes que combinan diferentes hides en uno o m\u00e1s d\u00edas. <\/strong><\/p>\n<\/li>\n<li class=\"\" data-start=\"1803\" data-end=\"2279\">\n<p class=\"\" data-start=\"1806\" data-end=\"2279\"><strong data-start=\"1806\" data-end=\"1823\">2. COMUNICACI\u00d3N SIEMPRE ACTIVA. SISTEMA DE ALERTAS.<\/strong> Te notificaremos los mejores momentos para cada especie, comportamientos interesantes, etc. \u00bfTe gustar\u00eda fotografiar el \u00c1guila real cuando venga con sus cr\u00edas? \u00bfEl Autillo cuando sus polluelos salgan del nido? \u00bfEl Carricer\u00edn cuando est\u00e9 en su mejor momento para las copulaciones? \u00bfO tomar fotos en la nieve? Te avisaremos de los mejores d\u00edas lo antes posible a trav\u00e9s de WhatsApp. Tambi\u00e9n ofrecemos oportunidades de viajes fotogr\u00e1ficos y descuentos especiales en hides o combinaciones de ellos.      <\/p>\n<\/li>\n<li class=\"\" data-start=\"2281\" data-end=\"2474\">\n<p class=\"\" data-start=\"2284\" data-end=\"2474\"><strong data-start=\"2284\" data-end=\"2367\">3. PRECIOS ESPECIALES PARA ESTANCIAS DE M\u00c1S DE UN D\u00cdA Y GRUPOS DE DOS O M\u00c1S PERSONAS.<\/strong> \u00bfConoces nuestros hides combinados? Puedes beneficiarte de descuentos a partir de solo dos personas. <\/p>\n<\/li>\n<li class=\"\" data-start=\"2476\" data-end=\"2707\">\n<p class=\"\" data-start=\"2479\" data-end=\"2707\"><strong data-start=\"2479\" data-end=\"2543\">4. RETORNO ECON\u00d3MICO DE AL MENOS UN 10 % PARA EL PROPIETARIO O GESTOR DE LA TIERRA.<\/strong> Este compromiso busca poner en valor la fauna para los propietarios o gestores de tierras. Nuestra experiencia a lo largo de los a\u00f1os ha sido muy positiva, y estamos firmemente comprometidos con este modelo. <\/p>\n<\/li>\n<li class=\"\" data-start=\"2951\" data-end=\"3139\">\n<p class=\"\" data-start=\"2954\" data-end=\"3139\">5. <strong data-start=\"2954\" data-end=\"3139\">PHOTO LOGISTICS es una SOCIEDAD LIMITADA (S.L.) <\/strong>que cumple con todas las obligaciones fiscales, por lo que lo que pagas por los servicios se devuelve a ti en forma de impuestos. Tambi\u00e9n contamos con un seguro en caso de que algo salga mal. <\/p>\n<\/li>\n<li class=\"\" data-start=\"3141\" data-end=\"3331\">\n<p class=\"\" data-start=\"3144\" data-end=\"3331\"><strong data-start=\"3144\" data-end=\"3201\">6. NING\u00daN HIDE SE INSTALA SIN TODOS LOS PERMISOS REQUERIDOS, del propietario y de la autoridad p\u00fablica correspondiente. Puedes estar seguro de que, al usar nuestros hides, no est\u00e1s infringiendo ninguna norma.<br \/><\/strong> <\/p>\n<\/li>\n<li class=\"\" data-start=\"3333\" data-end=\"3650\">\n<p class=\"\" data-start=\"3336\" data-end=\"3650\"><strong data-start=\"3336\" data-end=\"3368\">7. SI TIENES ALGUNA SUGERENCIA, SIEMPRE ESTAMOS ABIERTOS A TU OPINI\u00d3N. <\/strong> Siempre estamos abiertos a tus ideas. Puedes ponerte en contacto con nosotros de la manera que prefieras: <a class=\"cursor-pointer\" rel=\"noopener\" data-start=\"3443\" data-end=\"3467\">info@photo-logistics.com<\/a>, tel\u00e9fono, WhatsApp +34 638887681, Facebook: <a class=\"\" href=\"https:\/\/www.facebook.com\/photologistics\" target=\"_new\" rel=\"noopener\" data-start=\"3537\" data-end=\"3619\">https:\/\/www.facebook.com\/photologistics<\/a>, o Instagram: @photo_logistics_. <strong data-start=\"21\" data-end=\"62\">Pero, sinceramente, preferir\u00edamos usar el correo electr\u00f3nico.<\/strong> <\/p>\n<\/li>\n<\/ol>\n","protected":false},"excerpt":{"rendered":"<p>NORMAS PARA USAR NUESTROS HIDES PHOTO LOGISTICS S.L. es responsable de obtener todos los permisos necesarios para que puedas tomar fotos desde nuestros hides. Est\u00e1 prohibido salir del hide, excepto en emergencias, lo que no incluye las necesidades naturales, para las cuales se recomienda un recipiente. Un gu\u00eda llegar\u00e1 al hide en el horario acordado. [&hellip;]<\/p>\n","protected":false},"author":1,"featured_media":0,"parent":0,"menu_order":10,"comment_status":"closed","ping_status":"closed","template":"page-legal.php","meta":{"_acf_changed":false,"footnotes":""},"class_list":["post-4014","page","type-page","status-publish","hentry"],"acf":[],"yoast_head":"<!-- This site is optimized with the Yoast SEO plugin v25.2 - https:\/\/yoast.com\/wordpress\/plugins\/seo\/ -->\n<title>Normas y compromisos - Photo Logistics<\/title>\n<meta name=\"robots\" content=\"index, follow, max-snippet:-1, max-image-preview:large, max-video-preview:-1\" \/>\n<link rel=\"canonical\" href=\"https:\/\/www.photo-logistics.com\/es\/normas-y-compromisos\/\" \/>\n<meta property=\"og:locale\" content=\"es_ES\" \/>\n<meta property=\"og:type\" content=\"article\" \/>\n<meta property=\"og:title\" content=\"Normas y compromisos - Photo Logistics\" \/>\n<meta property=\"og:description\" content=\"NORMAS PARA USAR NUESTROS HIDES PHOTO LOGISTICS S.L. es responsable de obtener todos los permisos necesarios para que puedas tomar fotos desde nuestros hides. Est\u00e1 prohibido salir del hide, excepto en emergencias, lo que no incluye las necesidades naturales, para las cuales se recomienda un recipiente. Un gu\u00eda llegar\u00e1 al hide en el horario acordado. [&hellip;]\" \/>\n<meta property=\"og:url\" content=\"https:\/\/www.photo-logistics.com\/es\/normas-y-compromisos\/\" \/>\n<meta property=\"og:site_name\" content=\"Photo Logistics\" \/>\n<meta property=\"article:publisher\" content=\"https:\/\/www.facebook.com\/photologistics\/\" \/>\n<meta property=\"article:modified_time\" content=\"2025-04-03T19:20:42+00:00\" \/>\n<meta property=\"og:image\" content=\"https:\/\/www.photo-logistics.com\/wp-content\/uploads\/2025\/04\/og.jpg\" \/>\n\t<meta property=\"og:image:width\" content=\"1200\" \/>\n\t<meta property=\"og:image:height\" content=\"675\" \/>\n\t<meta property=\"og:image:type\" content=\"image\/jpeg\" \/>\n<meta name=\"twitter:card\" content=\"summary_large_image\" \/>\n<meta name=\"twitter:site\" content=\"@Photo_Logistics\" \/>\n<meta name=\"twitter:label1\" content=\"Tiempo de lectura\" \/>\n\t<meta name=\"twitter:data1\" content=\"3 minutos\" \/>\n<script type=\"application\/ld+json\" class=\"yoast-schema-graph\">{\"@context\":\"https:\/\/schema.org\",\"@graph\":[{\"@type\":\"WebPage\",\"@id\":\"https:\/\/www.photo-logistics.com\/es\/normas-y-compromisos\/\",\"url\":\"https:\/\/www.photo-logistics.com\/es\/normas-y-compromisos\/\",\"name\":\"Normas y compromisos - Photo Logistics\",\"isPartOf\":{\"@id\":\"https:\/\/www.photo-logistics.com\/es\/#website\"},\"datePublished\":\"2025-02-24T10:11:55+00:00\",\"dateModified\":\"2025-04-03T19:20:42+00:00\",\"breadcrumb\":{\"@id\":\"https:\/\/www.photo-logistics.com\/es\/normas-y-compromisos\/#breadcrumb\"},\"inLanguage\":\"es\",\"potentialAction\":[{\"@type\":\"ReadAction\",\"target\":[\"https:\/\/www.photo-logistics.com\/es\/normas-y-compromisos\/\"]}]},{\"@type\":\"BreadcrumbList\",\"@id\":\"https:\/\/www.photo-logistics.com\/es\/normas-y-compromisos\/#breadcrumb\",\"itemListElement\":[{\"@type\":\"ListItem\",\"position\":1,\"name\":\"Home\",\"item\":\"https:\/\/www.photo-logistics.com\/es\/\"},{\"@type\":\"ListItem\",\"position\":2,\"name\":\"Normas y compromisos\"}]},{\"@type\":\"WebSite\",\"@id\":\"https:\/\/www.photo-logistics.com\/es\/#website\",\"url\":\"https:\/\/www.photo-logistics.com\/es\/\",\"name\":\"Photo Logistics\",\"description\":\"\",\"publisher\":{\"@id\":\"https:\/\/www.photo-logistics.com\/es\/#organization\"},\"potentialAction\":[{\"@type\":\"SearchAction\",\"target\":{\"@type\":\"EntryPoint\",\"urlTemplate\":\"https:\/\/www.photo-logistics.com\/es\/?s={search_term_string}\"},\"query-input\":{\"@type\":\"PropertyValueSpecification\",\"valueRequired\":true,\"valueName\":\"search_term_string\"}}],\"inLanguage\":\"es\"},{\"@type\":\"Organization\",\"@id\":\"https:\/\/www.photo-logistics.com\/es\/#organization\",\"name\":\"Photo Logistics\",\"alternateName\":\"Photo Logistics\",\"url\":\"https:\/\/www.photo-logistics.com\/es\/\",\"logo\":{\"@type\":\"ImageObject\",\"inLanguage\":\"es\",\"@id\":\"https:\/\/www.photo-logistics.com\/es\/#\/schema\/logo\/image\/\",\"url\":\"https:\/\/www.photo-logistics.com\/wp-content\/uploads\/2025\/04\/site-logo.png\",\"contentUrl\":\"https:\/\/www.photo-logistics.com\/wp-content\/uploads\/2025\/04\/site-logo.png\",\"width\":500,\"height\":89,\"caption\":\"Photo Logistics\"},\"image\":{\"@id\":\"https:\/\/www.photo-logistics.com\/es\/#\/schema\/logo\/image\/\"},\"sameAs\":[\"https:\/\/www.facebook.com\/photologistics\/\",\"https:\/\/x.com\/Photo_Logistics\",\"https:\/\/instagram.com\/photo_logistics_\"]}]}<\/script>\n<!-- \/ Yoast SEO plugin. -->","yoast_head_json":{"title":"Normas y compromisos - Photo Logistics","robots":{"index":"index","follow":"follow","max-snippet":"max-snippet:-1","max-image-preview":"max-image-preview:large","max-video-preview":"max-video-preview:-1"},"canonical":"https:\/\/www.photo-logistics.com\/es\/normas-y-compromisos\/","og_locale":"es_ES","og_type":"article","og_title":"Normas y compromisos - Photo Logistics","og_description":"NORMAS PARA USAR NUESTROS HIDES PHOTO LOGISTICS S.L. es responsable de obtener todos los permisos necesarios para que puedas tomar fotos desde nuestros hides. Est\u00e1 prohibido salir del hide, excepto en emergencias, lo que no incluye las necesidades naturales, para las cuales se recomienda un recipiente. Un gu\u00eda llegar\u00e1 al hide en el horario acordado. [&hellip;]","og_url":"https:\/\/www.photo-logistics.com\/es\/normas-y-compromisos\/","og_site_name":"Photo Logistics","article_publisher":"https:\/\/www.facebook.com\/photologistics\/","article_modified_time":"2025-04-03T19:20:42+00:00","og_image":[{"width":1200,"height":675,"url":"https:\/\/www.photo-logistics.com\/wp-content\/uploads\/2025\/04\/og.jpg","type":"image\/jpeg"}],"twitter_card":"summary_large_image","twitter_site":"@Photo_Logistics","twitter_misc":{"Tiempo de lectura":"3 minutos"},"schema":{"@context":"https:\/\/schema.org","@graph":[{"@type":"WebPage","@id":"https:\/\/www.photo-logistics.com\/es\/normas-y-compromisos\/","url":"https:\/\/www.photo-logistics.com\/es\/normas-y-compromisos\/","name":"Normas y compromisos - Photo Logistics","isPartOf":{"@id":"https:\/\/www.photo-logistics.com\/es\/#website"},"datePublished":"2025-02-24T10:11:55+00:00","dateModified":"2025-04-03T19:20:42+00:00","breadcrumb":{"@id":"https:\/\/www.photo-logistics.com\/es\/normas-y-compromisos\/#breadcrumb"},"inLanguage":"es","potentialAction":[{"@type":"ReadAction","target":["https:\/\/www.photo-logistics.com\/es\/normas-y-compromisos\/"]}]},{"@type":"BreadcrumbList","@id":"https:\/\/www.photo-logistics.com\/es\/normas-y-compromisos\/#breadcrumb","itemListElement":[{"@type":"ListItem","position":1,"name":"Home","item":"https:\/\/www.photo-logistics.com\/es\/"},{"@type":"ListItem","position":2,"name":"Normas y compromisos"}]},{"@type":"WebSite","@id":"https:\/\/www.photo-logistics.com\/es\/#website","url":"https:\/\/www.photo-logistics.com\/es\/","name":"Photo Logistics","description":"","publisher":{"@id":"https:\/\/www.photo-logistics.com\/es\/#organization"},"potentialAction":[{"@type":"SearchAction","target":{"@type":"EntryPoint","urlTemplate":"https:\/\/www.photo-logistics.com\/es\/?s={search_term_string}"},"query-input":{"@type":"PropertyValueSpecification","valueRequired":true,"valueName":"search_term_string"}}],"inLanguage":"es"},{"@type":"Organization","@id":"https:\/\/www.photo-logistics.com\/es\/#organization","name":"Photo Logistics","alternateName":"Photo Logistics","url":"https:\/\/www.photo-logistics.com\/es\/","logo":{"@type":"ImageObject","inLanguage":"es","@id":"https:\/\/www.photo-logistics.com\/es\/#\/schema\/logo\/image\/","url":"https:\/\/www.photo-logistics.com\/wp-content\/uploads\/2025\/04\/site-logo.png","contentUrl":"https:\/\/www.photo-logistics.com\/wp-content\/uploads\/2025\/04\/site-logo.png","width":500,"height":89,"caption":"Photo Logistics"},"image":{"@id":"https:\/\/www.photo-logistics.com\/es\/#\/schema\/logo\/image\/"},"sameAs":["https:\/\/www.facebook.com\/photologistics\/","https:\/\/x.com\/Photo_Logistics","https:\/\/instagram.com\/photo_logistics_"]}]}},"_links":{"self":[{"href":"https:\/\/www.photo-logistics.com\/es\/wp-json\/wp\/v2\/pages\/4014","targetHints":{"allow":["GET"]}}],"collection":[{"href":"https:\/\/www.photo-logistics.com\/es\/wp-json\/wp\/v2\/pages"}],"about":[{"href":"https:\/\/www.photo-logistics.com\/es\/wp-json\/wp\/v2\/types\/page"}],"author":[{"embeddable":true,"href":"https:\/\/www.photo-logistics.com\/es\/wp-json\/wp\/v2\/users\/1"}],"replies":[{"embeddable":true,"href":"https:\/\/www.photo-logistics.com\/es\/wp-json\/wp\/v2\/comments?post=4014"}],"version-history":[{"count":1,"href":"https:\/\/www.photo-logistics.com\/es\/wp-json\/wp\/v2\/pages\/4014\/revisions"}],"predecessor-version":[{"id":4266,"href":"https:\/\/www.photo-logistics.com\/es\/wp-json\/wp\/v2\/pages\/4014\/revisions\/4266"}],"wp:attachment":[{"href":"https:\/\/www.photo-logistics.com\/es\/wp-json\/wp\/v2\/media?parent=4014"}],"curies":[{"name":"wp","href":"https:\/\/api.w.org\/{rel}","templated":true}]}}