{"id":4021,"date":"2025-02-24T10:17:00","date_gmt":"2025-02-24T10:17:00","guid":{"rendered":"https:\/\/www.photo-logistics.com\/politica-de-cookies\/"},"modified":"2025-04-03T18:01:46","modified_gmt":"2025-04-03T17:01:46","slug":"politica-de-cookies","status":"publish","type":"page","link":"https:\/\/www.photo-logistics.com\/ca\/politica-de-cookies\/","title":{"rendered":"Pol\u00edtica de cookies"},"content":{"rendered":"<p data-pm-slice=\"1 1 []\"><strong>Pol\u00edtica de cookies<\/strong><\/p>\n<p><strong>1. Introducci\u00f3<\/strong> Aquesta Pol\u00edtica de Cookies explica com Photo Logistics utilitza cookies i tecnologies similars al nostre lloc web. En utilitzar el nostre lloc web, accepteu l&#8217;\u00fas de cookies d&#8217;acord amb aquesta pol\u00edtica. <\/p>\n<p><strong>2. Qu\u00e8 s\u00f3n les galetes?<\/strong>  Les galetes s\u00f3n petits fitxers de text emmagatzemats al vostre dispositiu quan visiteu un lloc web. Ens ajuden a millorar l&#8217;experi\u00e8ncia de l&#8217;usuari, a analitzar el tr\u00e0nsit del lloc i a personalitzar el contingut. <\/p>\n<p><strong>3. Tipus de cookies que fem servir<\/strong><\/p>\n<ul data-spread=\"false\">\n<li><strong>Galetes essencials<\/strong>: necess\u00e0ries per a la funcionalitat del lloc web, com ara funcions de seguretat i d&#8217;inici de sessi\u00f3.<\/li>\n<li><strong>Cookies anal\u00edtiques<\/strong>: ens ajuden a entendre com els visitants utilitzen el nostre lloc i millorar-ne el rendiment.<\/li>\n<li><strong>Cookies funcionals<\/strong>: millora l&#8217;experi\u00e8ncia de l&#8217;usuari recordant les prefer\u00e8ncies.<\/li>\n<li><strong>Galetes de m\u00e0rqueting<\/strong>: s&#8217;utilitzen per a la publicitat personalitzada i el seguiment a trav\u00e9s de llocs web.<\/li>\n<\/ul>\n<p><strong>4. Gesti\u00f3 de cookies<\/strong> Podeu gestionar o desactivar les cookies mitjan\u00e7ant la configuraci\u00f3 del vostre navegador. Tanmateix, la desactivaci\u00f3 de determinades cookies pot afectar la funcionalitat del lloc web. <\/p>\n<p><strong>5. Galetes de tercers<\/strong> Podem utilitzar serveis de tercers (per exemple, Google Analytics) que col\u00b7loquen galetes al vostre dispositiu. Aquests tercers tenen les seves pr\u00f2pies pol\u00edtiques de privadesa pel que fa al seu \u00fas de cookies. <\/p>\n<p><strong>6. Actualitzacions d&#8217;aquesta pol\u00edtica<\/strong> Podem actualitzar aquesta pol\u00edtica de galetes peri\u00f2dicament. Qualsevol canvi es publicar\u00e0 en aquesta p\u00e0gina amb una data de revisi\u00f3 actualitzada. <\/p>\n<p><strong>7. Informaci\u00f3 de contacte<\/strong> Per a qualsevol pregunta sobre aquesta Pol\u00edtica de galetes, poseu-vos en contacte amb nosaltres a:<\/p>\n<p>Photo Logistics<br \/>\n<a href=\"mailto:info@photo-logistics.com\">info@photo-logistics.com<\/a><\/p>\n<p><img loading=\"lazy\" decoding=\"async\" class=\"alignnone wp-image-1394 size-full\" src=\"https:\/\/www.photo-logistics.com\/wp-content\/uploads\/2025\/03\/pl-blog-2.jpg\" alt=\"\" width=\"760\" height=\"507\" srcset=\"https:\/\/www.photo-logistics.com\/wp-content\/uploads\/2025\/03\/pl-blog-2.jpg 760w, https:\/\/www.photo-logistics.com\/wp-content\/uploads\/2025\/03\/pl-blog-2-300x200.jpg 300w, https:\/\/www.photo-logistics.com\/wp-content\/uploads\/2025\/03\/pl-blog-2-340x227.jpg 340w\" sizes=\"auto, (max-width: 760px) 100vw, 760px\" \/><\/p>\n","protected":false},"excerpt":{"rendered":"<p>Pol\u00edtica de cookies 1. Introducci\u00f3 Aquesta Pol\u00edtica de Cookies explica com Photo Logistics utilitza cookies i tecnologies similars al nostre lloc web. En utilitzar el nostre lloc web, accepteu l&#8217;\u00fas de cookies d&#8217;acord amb aquesta pol\u00edtica. 2. Qu\u00e8 s\u00f3n les galetes? Les galetes s\u00f3n petits fitxers de text emmagatzemats al vostre dispositiu quan visiteu un [&hellip;]<\/p>\n","protected":false},"author":1,"featured_media":0,"parent":0,"menu_order":8,"comment_status":"closed","ping_status":"closed","template":"page-legal.php","meta":{"_acf_changed":false,"footnotes":""},"class_list":["post-4021","page","type-page","status-publish","hentry"],"acf":[],"yoast_head":"<!-- This site is optimized with the Yoast SEO plugin v25.2 - https:\/\/yoast.com\/wordpress\/plugins\/seo\/ -->\n<title>Pol\u00edtica de cookies - Photo Logistics<\/title>\n<meta name=\"robots\" content=\"index, follow, max-snippet:-1, max-image-preview:large, max-video-preview:-1\" \/>\n<link rel=\"canonical\" href=\"https:\/\/www.photo-logistics.com\/ca\/politica-de-cookies\/\" \/>\n<meta property=\"og:locale\" content=\"ca_ES\" \/>\n<meta property=\"og:type\" content=\"article\" \/>\n<meta property=\"og:title\" content=\"Pol\u00edtica de cookies - Photo Logistics\" \/>\n<meta property=\"og:description\" content=\"Pol\u00edtica de cookies 1. Introducci\u00f3 Aquesta Pol\u00edtica de Cookies explica com Photo Logistics utilitza cookies i tecnologies similars al nostre lloc web. En utilitzar el nostre lloc web, accepteu l&#8217;\u00fas de cookies d&#8217;acord amb aquesta pol\u00edtica. 2. Qu\u00e8 s\u00f3n les galetes? Les galetes s\u00f3n petits fitxers de text emmagatzemats al vostre dispositiu quan visiteu un [&hellip;]\" \/>\n<meta property=\"og:url\" content=\"https:\/\/www.photo-logistics.com\/ca\/politica-de-cookies\/\" \/>\n<meta property=\"og:site_name\" content=\"Photo Logistics\" \/>\n<meta property=\"article:publisher\" content=\"https:\/\/www.facebook.com\/photologistics\/\" \/>\n<meta property=\"article:modified_time\" content=\"2025-04-03T17:01:46+00:00\" \/>\n<meta property=\"og:image\" content=\"https:\/\/www.photo-logistics.com\/wp-content\/uploads\/2025\/03\/pl-blog-2.jpg\" \/>\n<meta name=\"twitter:card\" content=\"summary_large_image\" \/>\n<meta name=\"twitter:site\" content=\"@Photo_Logistics\" \/>\n<meta name=\"twitter:label1\" content=\"Temps estimat de lectura\" \/>\n\t<meta name=\"twitter:data1\" content=\"1 minut\" \/>\n<script type=\"application\/ld+json\" class=\"yoast-schema-graph\">{\"@context\":\"https:\/\/schema.org\",\"@graph\":[{\"@type\":\"WebPage\",\"@id\":\"https:\/\/www.photo-logistics.com\/ca\/politica-de-cookies\/\",\"url\":\"https:\/\/www.photo-logistics.com\/ca\/politica-de-cookies\/\",\"name\":\"Pol\u00edtica de cookies - Photo Logistics\",\"isPartOf\":{\"@id\":\"https:\/\/www.photo-logistics.com\/ca\/#website\"},\"primaryImageOfPage\":{\"@id\":\"https:\/\/www.photo-logistics.com\/ca\/politica-de-cookies\/#primaryimage\"},\"image\":{\"@id\":\"https:\/\/www.photo-logistics.com\/ca\/politica-de-cookies\/#primaryimage\"},\"thumbnailUrl\":\"https:\/\/www.photo-logistics.com\/wp-content\/uploads\/2025\/03\/pl-blog-2.jpg\",\"datePublished\":\"2025-02-24T10:17:00+00:00\",\"dateModified\":\"2025-04-03T17:01:46+00:00\",\"breadcrumb\":{\"@id\":\"https:\/\/www.photo-logistics.com\/ca\/politica-de-cookies\/#breadcrumb\"},\"inLanguage\":\"ca\",\"potentialAction\":[{\"@type\":\"ReadAction\",\"target\":[\"https:\/\/www.photo-logistics.com\/ca\/politica-de-cookies\/\"]}]},{\"@type\":\"ImageObject\",\"inLanguage\":\"ca\",\"@id\":\"https:\/\/www.photo-logistics.com\/ca\/politica-de-cookies\/#primaryimage\",\"url\":\"https:\/\/www.photo-logistics.com\/wp-content\/uploads\/2025\/03\/pl-blog-2.jpg\",\"contentUrl\":\"https:\/\/www.photo-logistics.com\/wp-content\/uploads\/2025\/03\/pl-blog-2.jpg\"},{\"@type\":\"BreadcrumbList\",\"@id\":\"https:\/\/www.photo-logistics.com\/ca\/politica-de-cookies\/#breadcrumb\",\"itemListElement\":[{\"@type\":\"ListItem\",\"position\":1,\"name\":\"Home\",\"item\":\"https:\/\/www.photo-logistics.com\/ca\/inici\/\"},{\"@type\":\"ListItem\",\"position\":2,\"name\":\"Pol\u00edtica de cookies\"}]},{\"@type\":\"WebSite\",\"@id\":\"https:\/\/www.photo-logistics.com\/ca\/#website\",\"url\":\"https:\/\/www.photo-logistics.com\/ca\/\",\"name\":\"Photo Logistics\",\"description\":\"\",\"publisher\":{\"@id\":\"https:\/\/www.photo-logistics.com\/ca\/#organization\"},\"potentialAction\":[{\"@type\":\"SearchAction\",\"target\":{\"@type\":\"EntryPoint\",\"urlTemplate\":\"https:\/\/www.photo-logistics.com\/ca\/?s={search_term_string}\"},\"query-input\":{\"@type\":\"PropertyValueSpecification\",\"valueRequired\":true,\"valueName\":\"search_term_string\"}}],\"inLanguage\":\"ca\"},{\"@type\":\"Organization\",\"@id\":\"https:\/\/www.photo-logistics.com\/ca\/#organization\",\"name\":\"Photo Logistics\",\"alternateName\":\"Photo Logistics\",\"url\":\"https:\/\/www.photo-logistics.com\/ca\/\",\"logo\":{\"@type\":\"ImageObject\",\"inLanguage\":\"ca\",\"@id\":\"https:\/\/www.photo-logistics.com\/ca\/#\/schema\/logo\/image\/\",\"url\":\"https:\/\/www.photo-logistics.com\/wp-content\/uploads\/2025\/04\/site-logo.png\",\"contentUrl\":\"https:\/\/www.photo-logistics.com\/wp-content\/uploads\/2025\/04\/site-logo.png\",\"width\":500,\"height\":89,\"caption\":\"Photo Logistics\"},\"image\":{\"@id\":\"https:\/\/www.photo-logistics.com\/ca\/#\/schema\/logo\/image\/\"},\"sameAs\":[\"https:\/\/www.facebook.com\/photologistics\/\",\"https:\/\/x.com\/Photo_Logistics\",\"https:\/\/instagram.com\/photo_logistics_\"]}]}<\/script>\n<!-- \/ Yoast SEO plugin. -->","yoast_head_json":{"title":"Pol\u00edtica de cookies - Photo Logistics","robots":{"index":"index","follow":"follow","max-snippet":"max-snippet:-1","max-image-preview":"max-image-preview:large","max-video-preview":"max-video-preview:-1"},"canonical":"https:\/\/www.photo-logistics.com\/ca\/politica-de-cookies\/","og_locale":"ca_ES","og_type":"article","og_title":"Pol\u00edtica de cookies - Photo Logistics","og_description":"Pol\u00edtica de cookies 1. Introducci\u00f3 Aquesta Pol\u00edtica de Cookies explica com Photo Logistics utilitza cookies i tecnologies similars al nostre lloc web. En utilitzar el nostre lloc web, accepteu l&#8217;\u00fas de cookies d&#8217;acord amb aquesta pol\u00edtica. 2. Qu\u00e8 s\u00f3n les galetes? Les galetes s\u00f3n petits fitxers de text emmagatzemats al vostre dispositiu quan visiteu un [&hellip;]","og_url":"https:\/\/www.photo-logistics.com\/ca\/politica-de-cookies\/","og_site_name":"Photo Logistics","article_publisher":"https:\/\/www.facebook.com\/photologistics\/","article_modified_time":"2025-04-03T17:01:46+00:00","og_image":[{"url":"https:\/\/www.photo-logistics.com\/wp-content\/uploads\/2025\/03\/pl-blog-2.jpg","type":"","width":"","height":""}],"twitter_card":"summary_large_image","twitter_site":"@Photo_Logistics","twitter_misc":{"Temps estimat de lectura":"1 minut"},"schema":{"@context":"https:\/\/schema.org","@graph":[{"@type":"WebPage","@id":"https:\/\/www.photo-logistics.com\/ca\/politica-de-cookies\/","url":"https:\/\/www.photo-logistics.com\/ca\/politica-de-cookies\/","name":"Pol\u00edtica de cookies - Photo Logistics","isPartOf":{"@id":"https:\/\/www.photo-logistics.com\/ca\/#website"},"primaryImageOfPage":{"@id":"https:\/\/www.photo-logistics.com\/ca\/politica-de-cookies\/#primaryimage"},"image":{"@id":"https:\/\/www.photo-logistics.com\/ca\/politica-de-cookies\/#primaryimage"},"thumbnailUrl":"https:\/\/www.photo-logistics.com\/wp-content\/uploads\/2025\/03\/pl-blog-2.jpg","datePublished":"2025-02-24T10:17:00+00:00","dateModified":"2025-04-03T17:01:46+00:00","breadcrumb":{"@id":"https:\/\/www.photo-logistics.com\/ca\/politica-de-cookies\/#breadcrumb"},"inLanguage":"ca","potentialAction":[{"@type":"ReadAction","target":["https:\/\/www.photo-logistics.com\/ca\/politica-de-cookies\/"]}]},{"@type":"ImageObject","inLanguage":"ca","@id":"https:\/\/www.photo-logistics.com\/ca\/politica-de-cookies\/#primaryimage","url":"https:\/\/www.photo-logistics.com\/wp-content\/uploads\/2025\/03\/pl-blog-2.jpg","contentUrl":"https:\/\/www.photo-logistics.com\/wp-content\/uploads\/2025\/03\/pl-blog-2.jpg"},{"@type":"BreadcrumbList","@id":"https:\/\/www.photo-logistics.com\/ca\/politica-de-cookies\/#breadcrumb","itemListElement":[{"@type":"ListItem","position":1,"name":"Home","item":"https:\/\/www.photo-logistics.com\/ca\/inici\/"},{"@type":"ListItem","position":2,"name":"Pol\u00edtica de cookies"}]},{"@type":"WebSite","@id":"https:\/\/www.photo-logistics.com\/ca\/#website","url":"https:\/\/www.photo-logistics.com\/ca\/","name":"Photo Logistics","description":"","publisher":{"@id":"https:\/\/www.photo-logistics.com\/ca\/#organization"},"potentialAction":[{"@type":"SearchAction","target":{"@type":"EntryPoint","urlTemplate":"https:\/\/www.photo-logistics.com\/ca\/?s={search_term_string}"},"query-input":{"@type":"PropertyValueSpecification","valueRequired":true,"valueName":"search_term_string"}}],"inLanguage":"ca"},{"@type":"Organization","@id":"https:\/\/www.photo-logistics.com\/ca\/#organization","name":"Photo Logistics","alternateName":"Photo Logistics","url":"https:\/\/www.photo-logistics.com\/ca\/","logo":{"@type":"ImageObject","inLanguage":"ca","@id":"https:\/\/www.photo-logistics.com\/ca\/#\/schema\/logo\/image\/","url":"https:\/\/www.photo-logistics.com\/wp-content\/uploads\/2025\/04\/site-logo.png","contentUrl":"https:\/\/www.photo-logistics.com\/wp-content\/uploads\/2025\/04\/site-logo.png","width":500,"height":89,"caption":"Photo Logistics"},"image":{"@id":"https:\/\/www.photo-logistics.com\/ca\/#\/schema\/logo\/image\/"},"sameAs":["https:\/\/www.facebook.com\/photologistics\/","https:\/\/x.com\/Photo_Logistics","https:\/\/instagram.com\/photo_logistics_"]}]}},"_links":{"self":[{"href":"https:\/\/www.photo-logistics.com\/ca\/wp-json\/wp\/v2\/pages\/4021","targetHints":{"allow":["GET"]}}],"collection":[{"href":"https:\/\/www.photo-logistics.com\/ca\/wp-json\/wp\/v2\/pages"}],"about":[{"href":"https:\/\/www.photo-logistics.com\/ca\/wp-json\/wp\/v2\/types\/page"}],"author":[{"embeddable":true,"href":"https:\/\/www.photo-logistics.com\/ca\/wp-json\/wp\/v2\/users\/1"}],"replies":[{"embeddable":true,"href":"https:\/\/www.photo-logistics.com\/ca\/wp-json\/wp\/v2\/comments?post=4021"}],"version-history":[{"count":1,"href":"https:\/\/www.photo-logistics.com\/ca\/wp-json\/wp\/v2\/pages\/4021\/revisions"}],"predecessor-version":[{"id":4260,"href":"https:\/\/www.photo-logistics.com\/ca\/wp-json\/wp\/v2\/pages\/4021\/revisions\/4260"}],"wp:attachment":[{"href":"https:\/\/www.photo-logistics.com\/ca\/wp-json\/wp\/v2\/media?parent=4021"}],"curies":[{"name":"wp","href":"https:\/\/api.w.org\/{rel}","templated":true}]}}