{"id":4016,"date":"2025-02-24T10:11:55","date_gmt":"2025-02-24T10:11:55","guid":{"rendered":"https:\/\/www.photo-logistics.com\/normes-i-compromis\/"},"modified":"2025-04-03T20:21:05","modified_gmt":"2025-04-03T19:21:05","slug":"normes-i-compromisos","status":"publish","type":"page","link":"https:\/\/www.photo-logistics.com\/ca\/normes-i-compromisos\/","title":{"rendered":"Normes i compromisos"},"content":{"rendered":"<h1 data-start=\"67\" data-end=\"96\"><strong data-start=\"67\" data-end=\"96\">NORMES PER UTILITZAR ELS NOSTRES HIDES<\/strong><\/h1>\n<p class=\"\" data-start=\"98\" data-end=\"212\">PHOTO LOGISTICS S.L. \u00e9s responsable d&#8217;obtenir tots els permisos necessaris perqu\u00e8 puguis fer fotos des dels nostres hides.<\/p>\n<ul>\n<li>Est\u00e0 prohibit sortir del hide, excepte en emerg\u00e8ncies, les quals no inclouen les necessitats fisiol\u00f2giques per a les quals es recomana l&#8217;\u00fas d&#8217;un recipient!<\/li>\n<li>Un guia arribar\u00e0 al hide a l&#8217;hora acordada. No surtis fins que el nostre guia truqui a la porta.<\/li>\n<li>Fes silenci, no facis trucades telef\u00f2niques.<\/li>\n<li>Evita consumir alcohol o fumar mentre estiguis al hide.<\/li>\n<li>Es recomana l&#8217;\u00fas de tr\u00edpode.<\/li>\n<li>No utilitzis reclams gravats d&#8217;ocells per atraure&#8217;ls.<\/li>\n<li>Es recomana portar roba fosca i guants per assegurar-te que els ocells no puguin veure dins.\n<\/li>\n<li>Per la mateixa ra\u00f3, no netegis el vidre mentre els ocells estiguin a prop, ja que els moviments propers es poden veure.<\/li>\n<\/ul>\n<p class=\"\" data-start=\"804\" data-end=\"897\">L&#8217;incompliment de qualsevol d&#8217;aquestes regles impedir\u00e0 autom\u00e0ticament que facis servir qualsevol dels nostres hides en el futur.<\/p>\n<hr class=\"\" data-start=\"899\" data-end=\"902\">\n<p class=\"\" data-start=\"904\" data-end=\"935\"><strong data-start=\"904\" data-end=\"935\">COMPROMISOS DE PHOTO LOGISTICS<\/strong><\/p>\n<p class=\"\" data-start=\"937\" data-end=\"1306\">Estem compromesos amb tu i amb la teva sessi\u00f3 de fotografia de fauna. Estem compromesos amb el m\u00f3n de l&#8217;agricultura i creiem fermament en la conservaci\u00f3 mitjan\u00e7ant el desenvolupament rural. Estem compromesos amb els joves fot\u00f2grafs i amb aquells que, independentment de la seva edat o equip, volen comen\u00e7ar en la fotografia de fauna.   Ens comprometem amb la societat en general, com a empresa i com a ciutadans.<\/p>\n<p class=\"\" data-start=\"1308\" data-end=\"1358\">El nostre comprom\u00eds es reflecteix en aquests punts:<\/p>\n<ol data-start=\"1360\" data-end=\"3650\">\n<li class=\"\" data-start=\"1360\" data-end=\"1801\">\n<p class=\"\" data-start=\"1363\" data-end=\"1801\"><strong data-start=\"1363\" data-end=\"1399\">1. SI LA SESSI\u00d3 FALLA, LA PROPERA SESSI\u00d3 \u00c9S DE FRANC.<\/strong> Treballem amb fauna salvatge, i els animals salvatges s\u00f3n imprevisibles, per\u00f2 a ning\u00fa li agrada pagar per una sessi\u00f3 que no ha donat fotos. Si l&#8217;animal requerit no arriba, pots repetir la sessi\u00f3 sense cost dins de l&#8217;any mateix. Pots repetir el mateix hide o escollir un altre servei dins de la mateixa zona.   <strong>Atenci\u00f3! Aquest punt no s&#8217;aplica als paquets que combinen diferents hides en un o m\u00e9s dies. <\/strong><\/p>\n<\/li>\n<li class=\"\" data-start=\"1803\" data-end=\"2279\">\n<p class=\"\" data-start=\"1806\" data-end=\"2279\"><strong data-start=\"1806\" data-end=\"1823\">2. COMUNICACI\u00d3 SEMPRE OBERTA. SISTEMA D&#8217;ALERTES.<\/strong> T&#8217;informarem dels millors moments per a cada esp\u00e8cie, comportaments interessants, etc. Vols fotografiar l&#8217;\u00c0liga daurada quan arribin amb els seus polls? El Mussol com\u00fa quan els seus pollets surtin del niu? El Gaig blau durant el millor moment per a les c\u00f2pules? O fer fotos a la neu? T&#8217;informarem dels millors dies tan aviat com sigui possible per WhatsApp. Tamb\u00e9 oferim oportunitats de viatges fotogr\u00e0fics i descomptes especials en hides o combinacions.      <\/p>\n<\/li>\n<li class=\"\" data-start=\"2281\" data-end=\"2474\">\n<p class=\"\" data-start=\"2284\" data-end=\"2474\"><strong data-start=\"2284\" data-end=\"2367\">3. PREUS ESPECIALS PER ESTADES DE M\u00c9S D&#8217;UN DIA I GRUPS DE DUES O M\u00c9S PERSONES.<\/strong> Saps com combinar hides? A partir de dues persones, pots beneficiar-te de descomptes en el preu. <\/p>\n<\/li>\n<li class=\"\" data-start=\"2476\" data-end=\"2707\">\n<p class=\"\" data-start=\"2479\" data-end=\"2707\"><strong data-start=\"2479\" data-end=\"2543\">4. RETORN ECON\u00d2MIC M\u00cdNIM DEL AL 10% PER AL PROPIETARI O GESTOR DE LES TERRES.<\/strong> Aquest comprom\u00eds t\u00e9 com a objectiu donar valor a la fauna per als propietaris o gestors de terres. La nostra experi\u00e8ncia al llarg dels anys ha estat molt positiva, i estem fermament compromesos amb aquest model. <\/p>\n<\/li>\n<li class=\"\" data-start=\"2951\" data-end=\"3139\">\n<p class=\"\" data-start=\"2954\" data-end=\"3139\">5.<strong data-start=\"2954\" data-end=\"3139\"> PHOTO LOGISTICS \u00e9s una Societat Limitada <\/strong>que compleix totes les obligacions fiscals, aix\u00ed que el que pagues per qualsevol servei torna a tu en forma d&#8217;impostos. Tamb\u00e9 tenim una asseguran\u00e7a per si alguna cosa surt malament. <\/p>\n<\/li>\n<li class=\"\" data-start=\"3141\" data-end=\"3331\">\n<p class=\"\" data-start=\"3144\" data-end=\"3331\">6.<strong data-start=\"3144\" data-end=\"3201\"> CAP HIDE S&#8217;INSTAL\u00b7LA SENSE TOTES LES AUTORITZACIONS PRECEPTIVES<\/strong>, tant del propietari com de l&#8217;autoritat p\u00fablica corresponent. Pots estar segur que, en utilitzar els nostres hides, no est\u00e0s trencant cap normativa. <\/p>\n<\/li>\n<li class=\"\" data-start=\"3333\" data-end=\"3650\">\n<p class=\"\" data-start=\"3336\" data-end=\"3650\"><strong data-start=\"3336\" data-end=\"3368\">7. SEMPRE OBERTS ALS TEUS SUGGERIMENTS. <\/strong> Sempre estem oberts a les teves idees. Ens pots contactar de la manera que prefereixis: info@photo-logistics.com, tel\u00e8fon, WhatsApp, Telegram o Hangouts +34 638887681, Facebook: https:\/\/www.facebook.com\/photologistics, o Instagram: @photo_logistics_. Ens pots contactar pel mitj\u00e0 que m\u00e9s t&#8217;estimis: email: <a class=\"cursor-pointer\" rel=\"noopener\" data-start=\"3443\" data-end=\"3467\">info@photo-logistics.com<\/a>, tel\u00e8fon o WhatsApp +34 638887681, Facebook: <a class=\"\" href=\"https:\/\/www.facebook.com\/photologistics\" target=\"_new\" rel=\"noopener\" data-start=\"3537\" data-end=\"3619\">https:\/\/www.facebook.com\/photologistics<\/a>, or Instagram: @photo_logistics_. <strong data-start=\"21\" data-end=\"62\">Tot i que, la veritat \u00e9s que preferim fer servir l&#8217;email.<\/strong><\/p>\n<\/li>\n<\/ol>\n","protected":false},"excerpt":{"rendered":"<p>NORMES PER UTILITZAR ELS NOSTRES HIDES PHOTO LOGISTICS S.L. \u00e9s responsable d&#8217;obtenir tots els permisos necessaris perqu\u00e8 puguis fer fotos des dels nostres hides. Est\u00e0 prohibit sortir del hide, excepte en emerg\u00e8ncies, les quals no inclouen les necessitats fisiol\u00f2giques per a les quals es recomana l&#8217;\u00fas d&#8217;un recipient! Un guia arribar\u00e0 al hide a l&#8217;hora [&hellip;]<\/p>\n","protected":false},"author":1,"featured_media":0,"parent":0,"menu_order":10,"comment_status":"closed","ping_status":"closed","template":"page-legal.php","meta":{"_acf_changed":false,"footnotes":""},"class_list":["post-4016","page","type-page","status-publish","hentry"],"acf":[],"yoast_head":"<!-- This site is optimized with the Yoast SEO plugin v25.2 - https:\/\/yoast.com\/wordpress\/plugins\/seo\/ -->\n<title>Normes i compromisos - Photo Logistics<\/title>\n<meta name=\"robots\" content=\"index, follow, max-snippet:-1, max-image-preview:large, max-video-preview:-1\" \/>\n<link rel=\"canonical\" href=\"https:\/\/www.photo-logistics.com\/ca\/normes-i-compromisos\/\" \/>\n<meta property=\"og:locale\" content=\"ca_ES\" \/>\n<meta property=\"og:type\" content=\"article\" \/>\n<meta property=\"og:title\" content=\"Normes i compromisos - Photo Logistics\" \/>\n<meta property=\"og:description\" content=\"NORMES PER UTILITZAR ELS NOSTRES HIDES PHOTO LOGISTICS S.L. \u00e9s responsable d&#8217;obtenir tots els permisos necessaris perqu\u00e8 puguis fer fotos des dels nostres hides. Est\u00e0 prohibit sortir del hide, excepte en emerg\u00e8ncies, les quals no inclouen les necessitats fisiol\u00f2giques per a les quals es recomana l&#8217;\u00fas d&#8217;un recipient! Un guia arribar\u00e0 al hide a l&#8217;hora [&hellip;]\" \/>\n<meta property=\"og:url\" content=\"https:\/\/www.photo-logistics.com\/ca\/normes-i-compromisos\/\" \/>\n<meta property=\"og:site_name\" content=\"Photo Logistics\" \/>\n<meta property=\"article:publisher\" content=\"https:\/\/www.facebook.com\/photologistics\/\" \/>\n<meta property=\"article:modified_time\" content=\"2025-04-03T19:21:05+00:00\" \/>\n<meta property=\"og:image\" content=\"https:\/\/www.photo-logistics.com\/wp-content\/uploads\/2025\/04\/og.jpg\" \/>\n\t<meta property=\"og:image:width\" content=\"1200\" \/>\n\t<meta property=\"og:image:height\" content=\"675\" \/>\n\t<meta property=\"og:image:type\" content=\"image\/jpeg\" \/>\n<meta name=\"twitter:card\" content=\"summary_large_image\" \/>\n<meta name=\"twitter:site\" content=\"@Photo_Logistics\" \/>\n<meta name=\"twitter:label1\" content=\"Temps estimat de lectura\" \/>\n\t<meta name=\"twitter:data1\" content=\"3 minuts\" \/>\n<script type=\"application\/ld+json\" class=\"yoast-schema-graph\">{\"@context\":\"https:\/\/schema.org\",\"@graph\":[{\"@type\":\"WebPage\",\"@id\":\"https:\/\/www.photo-logistics.com\/ca\/normes-i-compromisos\/\",\"url\":\"https:\/\/www.photo-logistics.com\/ca\/normes-i-compromisos\/\",\"name\":\"Normes i compromisos - Photo Logistics\",\"isPartOf\":{\"@id\":\"https:\/\/www.photo-logistics.com\/ca\/#website\"},\"datePublished\":\"2025-02-24T10:11:55+00:00\",\"dateModified\":\"2025-04-03T19:21:05+00:00\",\"breadcrumb\":{\"@id\":\"https:\/\/www.photo-logistics.com\/ca\/normes-i-compromisos\/#breadcrumb\"},\"inLanguage\":\"ca\",\"potentialAction\":[{\"@type\":\"ReadAction\",\"target\":[\"https:\/\/www.photo-logistics.com\/ca\/normes-i-compromisos\/\"]}]},{\"@type\":\"BreadcrumbList\",\"@id\":\"https:\/\/www.photo-logistics.com\/ca\/normes-i-compromisos\/#breadcrumb\",\"itemListElement\":[{\"@type\":\"ListItem\",\"position\":1,\"name\":\"Home\",\"item\":\"https:\/\/www.photo-logistics.com\/ca\/inici\/\"},{\"@type\":\"ListItem\",\"position\":2,\"name\":\"Normes i compromisos\"}]},{\"@type\":\"WebSite\",\"@id\":\"https:\/\/www.photo-logistics.com\/ca\/#website\",\"url\":\"https:\/\/www.photo-logistics.com\/ca\/\",\"name\":\"Photo Logistics\",\"description\":\"\",\"publisher\":{\"@id\":\"https:\/\/www.photo-logistics.com\/ca\/#organization\"},\"potentialAction\":[{\"@type\":\"SearchAction\",\"target\":{\"@type\":\"EntryPoint\",\"urlTemplate\":\"https:\/\/www.photo-logistics.com\/ca\/?s={search_term_string}\"},\"query-input\":{\"@type\":\"PropertyValueSpecification\",\"valueRequired\":true,\"valueName\":\"search_term_string\"}}],\"inLanguage\":\"ca\"},{\"@type\":\"Organization\",\"@id\":\"https:\/\/www.photo-logistics.com\/ca\/#organization\",\"name\":\"Photo Logistics\",\"alternateName\":\"Photo Logistics\",\"url\":\"https:\/\/www.photo-logistics.com\/ca\/\",\"logo\":{\"@type\":\"ImageObject\",\"inLanguage\":\"ca\",\"@id\":\"https:\/\/www.photo-logistics.com\/ca\/#\/schema\/logo\/image\/\",\"url\":\"https:\/\/www.photo-logistics.com\/wp-content\/uploads\/2025\/04\/site-logo.png\",\"contentUrl\":\"https:\/\/www.photo-logistics.com\/wp-content\/uploads\/2025\/04\/site-logo.png\",\"width\":500,\"height\":89,\"caption\":\"Photo Logistics\"},\"image\":{\"@id\":\"https:\/\/www.photo-logistics.com\/ca\/#\/schema\/logo\/image\/\"},\"sameAs\":[\"https:\/\/www.facebook.com\/photologistics\/\",\"https:\/\/x.com\/Photo_Logistics\",\"https:\/\/instagram.com\/photo_logistics_\"]}]}<\/script>\n<!-- \/ Yoast SEO plugin. -->","yoast_head_json":{"title":"Normes i compromisos - Photo Logistics","robots":{"index":"index","follow":"follow","max-snippet":"max-snippet:-1","max-image-preview":"max-image-preview:large","max-video-preview":"max-video-preview:-1"},"canonical":"https:\/\/www.photo-logistics.com\/ca\/normes-i-compromisos\/","og_locale":"ca_ES","og_type":"article","og_title":"Normes i compromisos - Photo Logistics","og_description":"NORMES PER UTILITZAR ELS NOSTRES HIDES PHOTO LOGISTICS S.L. \u00e9s responsable d&#8217;obtenir tots els permisos necessaris perqu\u00e8 puguis fer fotos des dels nostres hides. Est\u00e0 prohibit sortir del hide, excepte en emerg\u00e8ncies, les quals no inclouen les necessitats fisiol\u00f2giques per a les quals es recomana l&#8217;\u00fas d&#8217;un recipient! Un guia arribar\u00e0 al hide a l&#8217;hora [&hellip;]","og_url":"https:\/\/www.photo-logistics.com\/ca\/normes-i-compromisos\/","og_site_name":"Photo Logistics","article_publisher":"https:\/\/www.facebook.com\/photologistics\/","article_modified_time":"2025-04-03T19:21:05+00:00","og_image":[{"width":1200,"height":675,"url":"https:\/\/www.photo-logistics.com\/wp-content\/uploads\/2025\/04\/og.jpg","type":"image\/jpeg"}],"twitter_card":"summary_large_image","twitter_site":"@Photo_Logistics","twitter_misc":{"Temps estimat de lectura":"3 minuts"},"schema":{"@context":"https:\/\/schema.org","@graph":[{"@type":"WebPage","@id":"https:\/\/www.photo-logistics.com\/ca\/normes-i-compromisos\/","url":"https:\/\/www.photo-logistics.com\/ca\/normes-i-compromisos\/","name":"Normes i compromisos - Photo Logistics","isPartOf":{"@id":"https:\/\/www.photo-logistics.com\/ca\/#website"},"datePublished":"2025-02-24T10:11:55+00:00","dateModified":"2025-04-03T19:21:05+00:00","breadcrumb":{"@id":"https:\/\/www.photo-logistics.com\/ca\/normes-i-compromisos\/#breadcrumb"},"inLanguage":"ca","potentialAction":[{"@type":"ReadAction","target":["https:\/\/www.photo-logistics.com\/ca\/normes-i-compromisos\/"]}]},{"@type":"BreadcrumbList","@id":"https:\/\/www.photo-logistics.com\/ca\/normes-i-compromisos\/#breadcrumb","itemListElement":[{"@type":"ListItem","position":1,"name":"Home","item":"https:\/\/www.photo-logistics.com\/ca\/inici\/"},{"@type":"ListItem","position":2,"name":"Normes i compromisos"}]},{"@type":"WebSite","@id":"https:\/\/www.photo-logistics.com\/ca\/#website","url":"https:\/\/www.photo-logistics.com\/ca\/","name":"Photo Logistics","description":"","publisher":{"@id":"https:\/\/www.photo-logistics.com\/ca\/#organization"},"potentialAction":[{"@type":"SearchAction","target":{"@type":"EntryPoint","urlTemplate":"https:\/\/www.photo-logistics.com\/ca\/?s={search_term_string}"},"query-input":{"@type":"PropertyValueSpecification","valueRequired":true,"valueName":"search_term_string"}}],"inLanguage":"ca"},{"@type":"Organization","@id":"https:\/\/www.photo-logistics.com\/ca\/#organization","name":"Photo Logistics","alternateName":"Photo Logistics","url":"https:\/\/www.photo-logistics.com\/ca\/","logo":{"@type":"ImageObject","inLanguage":"ca","@id":"https:\/\/www.photo-logistics.com\/ca\/#\/schema\/logo\/image\/","url":"https:\/\/www.photo-logistics.com\/wp-content\/uploads\/2025\/04\/site-logo.png","contentUrl":"https:\/\/www.photo-logistics.com\/wp-content\/uploads\/2025\/04\/site-logo.png","width":500,"height":89,"caption":"Photo Logistics"},"image":{"@id":"https:\/\/www.photo-logistics.com\/ca\/#\/schema\/logo\/image\/"},"sameAs":["https:\/\/www.facebook.com\/photologistics\/","https:\/\/x.com\/Photo_Logistics","https:\/\/instagram.com\/photo_logistics_"]}]}},"_links":{"self":[{"href":"https:\/\/www.photo-logistics.com\/ca\/wp-json\/wp\/v2\/pages\/4016","targetHints":{"allow":["GET"]}}],"collection":[{"href":"https:\/\/www.photo-logistics.com\/ca\/wp-json\/wp\/v2\/pages"}],"about":[{"href":"https:\/\/www.photo-logistics.com\/ca\/wp-json\/wp\/v2\/types\/page"}],"author":[{"embeddable":true,"href":"https:\/\/www.photo-logistics.com\/ca\/wp-json\/wp\/v2\/users\/1"}],"replies":[{"embeddable":true,"href":"https:\/\/www.photo-logistics.com\/ca\/wp-json\/wp\/v2\/comments?post=4016"}],"version-history":[{"count":1,"href":"https:\/\/www.photo-logistics.com\/ca\/wp-json\/wp\/v2\/pages\/4016\/revisions"}],"predecessor-version":[{"id":4264,"href":"https:\/\/www.photo-logistics.com\/ca\/wp-json\/wp\/v2\/pages\/4016\/revisions\/4264"}],"wp:attachment":[{"href":"https:\/\/www.photo-logistics.com\/ca\/wp-json\/wp\/v2\/media?parent=4016"}],"curies":[{"name":"wp","href":"https:\/\/api.w.org\/{rel}","templated":true}]}}